{"id":9,"date":"2022-02-07T12:24:27","date_gmt":"2022-02-07T11:24:27","guid":{"rendered":"https:\/\/shop.cnclab.com.pl\/index.php\/moje-konto\/"},"modified":"2022-02-07T12:24:27","modified_gmt":"2022-02-07T11:24:27","slug":"moje-konto","status":"publish","type":"page","link":"https:\/\/shop.cnclab.com.pl\/?page_id=9","title":{"rendered":"Moje konto"},"content":{"rendered":"<div class=\"woocommerce\">\t\t\t<link rel=\"stylesheet\" id=\"wd-woo-mod-login-form-css\" href=\"https:\/\/shop.cnclab.com.pl\/wp-content\/themes\/woodmart\/css\/parts\/woo-mod-login-form.min.css?ver=6.5.4\" type=\"text\/css\" media=\"all\" \/> \t\t\t\t\t\t<link rel=\"stylesheet\" id=\"wd-woo-page-login-register-css\" href=\"https:\/\/shop.cnclab.com.pl\/wp-content\/themes\/woodmart\/css\/parts\/woo-page-login-register.min.css?ver=6.5.4\" type=\"text\/css\" media=\"all\" \/> \t\t\t<div class=\"woocommerce-notices-wrapper\"><\/div>\r\n<div class=\"wd-registration-page wd-no-registration\">\r\n\r\n\r\n\t\t<h2 class=\"wd-login-title\">Logowanie<\/h2>\r\n\r\n\t\t\t\t\t<form method=\"post\" class=\"login woocommerce-form woocommerce-form-login\r\n\t\t\t\t\t\t\" action=\"https:\/\/shop.cnclab.com.pl\/?page_id=9&#038;action=login\" \t\t\t>\r\n\r\n\t\t\t\t\r\n\t\t\t\t\r\n\t\t\t\t<p class=\"woocommerce-FormRow woocommerce-FormRow--wide form-row form-row-wide form-row-username\">\r\n\t\t\t\t\t<label for=\"username\">Nazwa u\u017cytkownika lub adres e-mail&nbsp;<span class=\"required\">*<\/span><\/label>\r\n\t\t\t\t\t<input type=\"text\" class=\"woocommerce-Input woocommerce-Input--text input-text\" name=\"username\" id=\"username\" value=\"\" \/>\t\t\t\t<\/p>\r\n\t\t\t\t<p class=\"woocommerce-FormRow woocommerce-FormRow--wide form-row form-row-wide form-row-password\">\r\n\t\t\t\t\t<label for=\"password\">Has\u0142o&nbsp;<span class=\"required\">*<\/span><\/label>\r\n\t\t\t\t\t<input class=\"woocommerce-Input woocommerce-Input--text input-text\" type=\"password\" name=\"password\" id=\"password\" autocomplete=\"current-password\" \/>\r\n\t\t\t\t<\/p>\r\n\r\n\t\t\t\t\r\n\t\t\t\t<p class=\"form-row\">\r\n\t\t\t\t\t<input type=\"hidden\" id=\"woocommerce-login-nonce\" name=\"woocommerce-login-nonce\" value=\"7ca27050ca\" \/><input type=\"hidden\" name=\"_wp_http_referer\" value=\"\/index.php?rest_route=%2Fwp%2Fv2%2Fpages%2F9\" \/>\t\t\t\t\t\t\t\t\t\t<button type=\"submit\" class=\"button woocommerce-button woocommerce-form-login__submit\" name=\"login\" value=\"Zaloguj si\u0119\">Zaloguj si\u0119<\/button>\r\n\t\t\t\t<\/p>\r\n\r\n\t\t\t\t<div class=\"login-form-footer\">\r\n\t\t\t\t\t<a href=\"https:\/\/shop.cnclab.com.pl\/?page_id=9&#038;lost-password\" class=\"woocommerce-LostPassword lost_password\">Zapomnia\u0142e\u015b has\u0142a?<\/a>\r\n\t\t\t\t\t<label class=\"woocommerce-form__label woocommerce-form__label-for-checkbox woocommerce-form-login__rememberme\">\r\n\t\t\t\t\t\t<input class=\"woocommerce-form__input woocommerce-form__input-checkbox\" name=\"rememberme\" type=\"checkbox\" value=\"forever\" title=\"Zapami\u0119taj\" aria-label=\"Zapami\u0119taj\" \/> <span>Zapami\u0119taj<\/span>\r\n\t\t\t\t\t<\/label>\r\n\t\t\t\t<\/div>\r\n\r\n\t\t\t\t\r\n\t\t\t\t\t\t\t<\/form>\r\n\r\n\t\t\t\t\r\n\r\n<\/div>\r\n\r\n<\/div>\n","protected":false},"excerpt":{"rendered":"Logowanie Nazwa u\u017cytkownika lub adres e-mail&nbsp;* Has\u0142o&nbsp;* Zaloguj si\u0119 Zapomnia\u0142e\u015b has\u0142a? Zapami\u0119taj","protected":false},"author":1,"featured_media":0,"parent":0,"menu_order":0,"comment_status":"closed","ping_status":"closed","template":"","meta":[],"_links":{"self":[{"href":"https:\/\/shop.cnclab.com.pl\/index.php?rest_route=\/wp\/v2\/pages\/9"}],"collection":[{"href":"https:\/\/shop.cnclab.com.pl\/index.php?rest_route=\/wp\/v2\/pages"}],"about":[{"href":"https:\/\/shop.cnclab.com.pl\/index.php?rest_route=\/wp\/v2\/types\/page"}],"author":[{"embeddable":true,"href":"https:\/\/shop.cnclab.com.pl\/index.php?rest_route=\/wp\/v2\/users\/1"}],"replies":[{"embeddable":true,"href":"https:\/\/shop.cnclab.com.pl\/index.php?rest_route=%2Fwp%2Fv2%2Fcomments&post=9"}],"version-history":[{"count":0,"href":"https:\/\/shop.cnclab.com.pl\/index.php?rest_route=\/wp\/v2\/pages\/9\/revisions"}],"wp:attachment":[{"href":"https:\/\/shop.cnclab.com.pl\/index.php?rest_route=%2Fwp%2Fv2%2Fmedia&parent=9"}],"curies":[{"name":"wp","href":"https:\/\/api.w.org\/{rel}","templated":true}]}}