{"id":7088,"date":"2022-08-01T12:00:00","date_gmt":"2022-08-01T10:00:00","guid":{"rendered":"https:\/\/shop.cnclab.com.pl\/?post_type=product&#038;p=7088"},"modified":"2023-11-28T18:14:59","modified_gmt":"2023-11-28T17:14:59","slug":"plyta-osb-3-krawedz-prosta","status":"publish","type":"product","link":"https:\/\/shop.cnclab.com.pl\/?product=plyta-osb-3-krawedz-prosta","title":{"rendered":"P\u0142yta OSB 3 kraw\u0119d\u017a prosta"},"content":{"rendered":"","protected":false},"excerpt":{"rendered":"","protected":false},"featured_media":7089,"comment_status":"open","ping_status":"closed","template":"","meta":[],"product_cat":[73],"product_tag":[],"_links":{"self":[{"href":"https:\/\/shop.cnclab.com.pl\/index.php?rest_route=\/wp\/v2\/product\/7088"}],"collection":[{"href":"https:\/\/shop.cnclab.com.pl\/index.php?rest_route=\/wp\/v2\/product"}],"about":[{"href":"https:\/\/shop.cnclab.com.pl\/index.php?rest_route=\/wp\/v2\/types\/product"}],"replies":[{"embeddable":true,"href":"https:\/\/shop.cnclab.com.pl\/index.php?rest_route=%2Fwp%2Fv2%2Fcomments&post=7088"}],"wp:featuredmedia":[{"embeddable":true,"href":"https:\/\/shop.cnclab.com.pl\/index.php?rest_route=\/wp\/v2\/media\/7089"}],"wp:attachment":[{"href":"https:\/\/shop.cnclab.com.pl\/index.php?rest_route=%2Fwp%2Fv2%2Fmedia&parent=7088"}],"wp:term":[{"taxonomy":"product_cat","embeddable":true,"href":"https:\/\/shop.cnclab.com.pl\/index.php?rest_route=%2Fwp%2Fv2%2Fproduct_cat&post=7088"},{"taxonomy":"product_tag","embeddable":true,"href":"https:\/\/shop.cnclab.com.pl\/index.php?rest_route=%2Fwp%2Fv2%2Fproduct_tag&post=7088"}],"curies":[{"name":"wp","href":"https:\/\/api.w.org\/{rel}","templated":true}]}}